{"id":23681,"date":"2024-05-15T16:17:43","date_gmt":"2024-05-15T14:17:43","guid":{"rendered":"https:\/\/best-cardeal.be\/?page_id=23681"},"modified":"2026-04-14T02:45:43","modified_gmt":"2026-04-14T00:45:43","slug":"politiques-de-confidentialite","status":"publish","type":"page","link":"https:\/\/best-cardeal.be\/nl\/politiques-de-confidentialite\/","title":{"rendered":"Privacybeleid"},"content":{"rendered":"<div data-elementor-type=\"wp-post\" data-elementor-id=\"23681\" class=\"elementor elementor-23681\">\n\t\t\t\t\t\t<section class=\"elementor-section elementor-top-section elementor-element elementor-element-0632857 elementor-hidden-phone elementor-section-boxed elementor-section-height-default elementor-section-height-default\" data-id=\"0632857\" data-element_type=\"section\" data-e-type=\"section\" data-settings=\"{&quot;background_background&quot;:&quot;classic&quot;}\">\n\t\t\t\t\t\t\t<div class=\"elementor-background-overlay\"><\/div>\n\t\t\t\t\t\t\t<div class=\"elementor-container elementor-column-gap-default\">\n\t\t\t\t\t<div class=\"elementor-column elementor-col-100 elementor-top-column elementor-element elementor-element-fb6b077\" data-id=\"fb6b077\" data-element_type=\"column\" data-e-type=\"column\">\n\t\t\t<div class=\"elementor-widget-wrap elementor-element-populated\">\n\t\t\t\t\t\t<div class=\"elementor-element elementor-element-8179da5 elementor-widget elementor-widget-spacer\" data-id=\"8179da5\" data-element_type=\"widget\" data-e-type=\"widget\" data-widget_type=\"spacer.default\">\n\t\t\t\t<div class=\"elementor-widget-container\">\n\t\t\t\t\t\t\t<div class=\"elementor-spacer\">\n\t\t\t<div class=\"elementor-spacer-inner\"><\/div>\n\t\t<\/div>\n\t\t\t\t\t\t<\/div>\n\t\t\t\t<\/div>\n\t\t\t\t<div class=\"elementor-element elementor-element-feaec80 elementor-widget-tablet__width-initial elementor-widget elementor-widget-heading\" data-id=\"feaec80\" data-element_type=\"widget\" data-e-type=\"widget\" data-widget_type=\"heading.default\">\n\t\t\t\t<div class=\"elementor-widget-container\">\n\t\t\t\t\t<h1 class=\"elementor-heading-title elementor-size-default\">Privacybeleid<\/h1>\t\t\t\t<\/div>\n\t\t\t\t<\/div>\n\t\t\t\t<div class=\"elementor-element elementor-element-64e4025 elementor-widget elementor-widget-spacer\" data-id=\"64e4025\" data-element_type=\"widget\" data-e-type=\"widget\" data-widget_type=\"spacer.default\">\n\t\t\t\t<div class=\"elementor-widget-container\">\n\t\t\t\t\t\t\t<div class=\"elementor-spacer\">\n\t\t\t<div class=\"elementor-spacer-inner\"><\/div>\n\t\t<\/div>\n\t\t\t\t\t\t<\/div>\n\t\t\t\t<\/div>\n\t\t\t\t\t<\/div>\n\t\t<\/div>\n\t\t\t\t\t<\/div>\n\t\t<\/section>\n\t\t\t\t<section class=\"elementor-section elementor-top-section elementor-element elementor-element-07d57a3 elementor-reverse-mobile elementor-section-boxed elementor-section-height-default elementor-section-height-default\" data-id=\"07d57a3\" data-element_type=\"section\" data-e-type=\"section\">\n\t\t\t\t\t\t<div class=\"elementor-container elementor-column-gap-default\">\n\t\t\t\t\t<div class=\"elementor-column elementor-col-100 elementor-top-column elementor-element elementor-element-129904e\" data-id=\"129904e\" data-element_type=\"column\" data-e-type=\"column\">\n\t\t\t<div class=\"elementor-widget-wrap elementor-element-populated\">\n\t\t\t\t\t\t<div class=\"elementor-element elementor-element-63fe360 elementor-widget-tablet__width-initial elementor-widget elementor-widget-heading\" data-id=\"63fe360\" data-element_type=\"widget\" data-e-type=\"widget\" data-widget_type=\"heading.default\">\n\t\t\t\t<div class=\"elementor-widget-container\">\n\t\t\t\t\t<h5 class=\"elementor-heading-title elementor-size-default\">Cookiebeheer<\/h5>\t\t\t\t<\/div>\n\t\t\t\t<\/div>\n\t\t\t\t<div class=\"elementor-element elementor-element-315da99 elementor-widget elementor-widget-spacer\" data-id=\"315da99\" data-element_type=\"widget\" data-e-type=\"widget\" data-widget_type=\"spacer.default\">\n\t\t\t\t<div class=\"elementor-widget-container\">\n\t\t\t\t\t\t\t<div class=\"elementor-spacer\">\n\t\t\t<div class=\"elementor-spacer-inner\"><\/div>\n\t\t<\/div>\n\t\t\t\t\t\t<\/div>\n\t\t\t\t<\/div>\n\t\t\t\t<div class=\"elementor-element elementor-element-3f2a0fe elementor-widget-tablet__width-initial elementor-widget elementor-widget-text-editor\" data-id=\"3f2a0fe\" data-element_type=\"widget\" data-e-type=\"widget\" data-widget_type=\"text-editor.default\">\n\t\t\t\t<div class=\"elementor-widget-container\">\n\t\t\t\t\t\t\t\t\t<p>Door onze site te gebruiken, verklaart u uitdrukkelijk dat u het privacybeleid van Cardeal hebt gelezen en informeert u u daarmee over de verwerking van uw persoonsgegevens volgens de hier beschreven voorwaarden en principes.<\/p><p>\u00a0<\/p><p>Onze site maakt gebruik van cookies om de functionaliteit die deze biedt te verbeteren. Cookies zijn gegevens die op uw apparaat worden opgeslagen en waardoor de site bepaalde informatie over u kan bewaren voor een betere navigatie.<\/p><p>Wij gebruiken verschillende cookies voor specifieke doeleinden:<\/p><p>\u00a0<\/p><p>\u25d9 Noodzakelijke cookies: ze worden gebruikt om ervoor te zorgen dat verschillende functies op de site correct kunnen worden gebruikt. Deze cookies verzamelen geen persoonlijke gegevens;<\/p><p>\u25d9 Functionele cookies: dit zijn cookies die meer comfort mogelijk maken bij het gebruik van bepaalde functionaliteiten van de site. Ze kunnen bijvoorbeeld het adres van de gebruiker opslaan om automatisch het veld &#039;adres&#039; van een formulier in te vullen en te voorkomen dat de gebruiker dit zelf moet invullen.<\/p><p>\u00a0<\/p><p>Door op de knop \u201cIk ga akkoord\u201d te klikken, accepteert u het gebruik van cookies (artikel 6, 1, a van de AVG). U kunt deze goedkeuring op elk moment intrekken door op de knop \u2018Privacybeleid\u2019 onderaan de site te klikken. Als u cookies niet wilt toestaan, kan het gebruik van bepaalde functionaliteiten worden belemmerd.<\/p>\t\t\t\t\t\t\t\t<\/div>\n\t\t\t\t<\/div>\n\t\t\t\t<div class=\"elementor-element elementor-element-bae3d99 elementor-widget elementor-widget-spacer\" data-id=\"bae3d99\" data-element_type=\"widget\" data-e-type=\"widget\" data-widget_type=\"spacer.default\">\n\t\t\t\t<div class=\"elementor-widget-container\">\n\t\t\t\t\t\t\t<div class=\"elementor-spacer\">\n\t\t\t<div class=\"elementor-spacer-inner\"><\/div>\n\t\t<\/div>\n\t\t\t\t\t\t<\/div>\n\t\t\t\t<\/div>\n\t\t\t\t\t<\/div>\n\t\t<\/div>\n\t\t\t\t\t<\/div>\n\t\t<\/section>\n\t\t\t\t<section class=\"elementor-section elementor-top-section elementor-element elementor-element-4cd5dbe elementor-reverse-mobile elementor-section-boxed elementor-section-height-default elementor-section-height-default\" data-id=\"4cd5dbe\" data-element_type=\"section\" data-e-type=\"section\">\n\t\t\t\t\t\t<div class=\"elementor-container elementor-column-gap-default\">\n\t\t\t\t\t<div class=\"elementor-column elementor-col-100 elementor-top-column elementor-element elementor-element-e589226\" data-id=\"e589226\" data-element_type=\"column\" data-e-type=\"column\">\n\t\t\t<div class=\"elementor-widget-wrap elementor-element-populated\">\n\t\t\t\t\t\t<div class=\"elementor-element elementor-element-8e4e2a4 elementor-widget-tablet__width-initial elementor-widget elementor-widget-heading\" data-id=\"8e4e2a4\" data-element_type=\"widget\" data-e-type=\"widget\" data-widget_type=\"heading.default\">\n\t\t\t\t<div class=\"elementor-widget-container\">\n\t\t\t\t\t<h5 class=\"elementor-heading-title elementor-size-default\">Verwerking van persoonsgegevens<\/h5>\t\t\t\t<\/div>\n\t\t\t\t<\/div>\n\t\t\t\t<div class=\"elementor-element elementor-element-8dcbbbc elementor-widget elementor-widget-spacer\" data-id=\"8dcbbbc\" data-element_type=\"widget\" data-e-type=\"widget\" data-widget_type=\"spacer.default\">\n\t\t\t\t<div class=\"elementor-widget-container\">\n\t\t\t\t\t\t\t<div class=\"elementor-spacer\">\n\t\t\t<div class=\"elementor-spacer-inner\"><\/div>\n\t\t<\/div>\n\t\t\t\t\t\t<\/div>\n\t\t\t\t<\/div>\n\t\t\t\t<div class=\"elementor-element elementor-element-42137e8 elementor-widget-tablet__width-initial elementor-widget elementor-widget-text-editor\" data-id=\"42137e8\" data-element_type=\"widget\" data-e-type=\"widget\" data-widget_type=\"text-editor.default\">\n\t\t\t\t<div class=\"elementor-widget-container\">\n\t\t\t\t\t\t\t\t\t<p>Cardeal treedt op als gegevensbeheerder met betrekking tot persoonlijke gegevens die worden verzameld en verwerkt in de context van uw gebruik van de site.<\/p><p>\u00a0<\/p><p>Alle gegevens over de gebruiker die via cookies of siteformulieren worden verzameld, worden alleen in onze database opgeslagen als hij vooraf toestemming heeft gegeven. Deze informatie zal niet worden gebruikt onder andere voorwaarden dan die welke de gebruiker heeft geaccepteerd. De gebruiker heeft het recht om elke informatie die hem betreft in te zien: hij kan ze raadplegen, wijzigen of zelfs verwijderen wanneer hij maar wil en zonder daarvoor een reden te moeten opgeven aan Cardeal. Hiertoe kan de gebruiker per e-mail contact opnemen met de gegevensbeheerder op commercial.cardeal@gmail.com.<\/p><p>\u00a0<\/p><p>Zodra de aanvraag is ingediend, zal Cardeal zo snel mogelijk contact opnemen met de gebruiker om zijn of haar aanvraag op te volgen.<\/p><p>\u00a0<\/p><p>Uw gegevens kunnen worden gebruikt voor:<\/p><p>\u25d9 Cardeal toestaan om op uw verzoeken te reageren;<\/p><p>\u25d9 Onze diensten aanbieden aan de gebruiker;<\/p><p>\u25d9 Verbeter de gebruikerservaring;<\/p><p>\u25d9 Analyseer deze gegevens om de werking van de site te verbeteren;<\/p><p>\u00a0<\/p><p>Uw gegevens worden zonder uw toestemming niet aan derden doorgegeven. Cardeal maakt uw persoonsgegevens niet bekend aan derden voor direct marketingdoeleinden, noch verwerkt zij uw persoonsgegevens voor prospectiedoeleinden, inclusief profilering.<\/p>\t\t\t\t\t\t\t\t<\/div>\n\t\t\t\t<\/div>\n\t\t\t\t<div class=\"elementor-element elementor-element-65dd495 elementor-widget elementor-widget-spacer\" data-id=\"65dd495\" data-element_type=\"widget\" data-e-type=\"widget\" data-widget_type=\"spacer.default\">\n\t\t\t\t<div class=\"elementor-widget-container\">\n\t\t\t\t\t\t\t<div class=\"elementor-spacer\">\n\t\t\t<div class=\"elementor-spacer-inner\"><\/div>\n\t\t<\/div>\n\t\t\t\t\t\t<\/div>\n\t\t\t\t<\/div>\n\t\t\t\t\t<\/div>\n\t\t<\/div>\n\t\t\t\t\t<\/div>\n\t\t<\/section>\n\t\t\t\t<section class=\"elementor-section elementor-top-section elementor-element elementor-element-d398647 elementor-reverse-mobile elementor-section-boxed elementor-section-height-default elementor-section-height-default\" data-id=\"d398647\" data-element_type=\"section\" data-e-type=\"section\">\n\t\t\t\t\t\t<div class=\"elementor-container elementor-column-gap-default\">\n\t\t\t\t\t<div class=\"elementor-column elementor-col-100 elementor-top-column elementor-element elementor-element-a6bf6e5\" data-id=\"a6bf6e5\" data-element_type=\"column\" data-e-type=\"column\">\n\t\t\t<div class=\"elementor-widget-wrap elementor-element-populated\">\n\t\t\t\t\t\t<div class=\"elementor-element elementor-element-264472a elementor-widget-tablet__width-initial elementor-widget elementor-widget-heading\" data-id=\"264472a\" data-element_type=\"widget\" data-e-type=\"widget\" data-widget_type=\"heading.default\">\n\t\t\t\t<div class=\"elementor-widget-container\">\n\t\t\t\t\t<h5 class=\"elementor-heading-title elementor-size-default\">Beveiliging<\/h5>\t\t\t\t<\/div>\n\t\t\t\t<\/div>\n\t\t\t\t<div class=\"elementor-element elementor-element-feb29ef elementor-widget elementor-widget-spacer\" data-id=\"feb29ef\" data-element_type=\"widget\" data-e-type=\"widget\" data-widget_type=\"spacer.default\">\n\t\t\t\t<div class=\"elementor-widget-container\">\n\t\t\t\t\t\t\t<div class=\"elementor-spacer\">\n\t\t\t<div class=\"elementor-spacer-inner\"><\/div>\n\t\t<\/div>\n\t\t\t\t\t\t<\/div>\n\t\t\t\t<\/div>\n\t\t\t\t<div class=\"elementor-element elementor-element-cc04d42 elementor-widget-tablet__width-initial elementor-widget elementor-widget-text-editor\" data-id=\"cc04d42\" data-element_type=\"widget\" data-e-type=\"widget\" data-widget_type=\"text-editor.default\">\n\t\t\t\t<div class=\"elementor-widget-container\">\n\t\t\t\t\t\t\t\t\t<p>We doen redelijke inspanningen om de persoonlijke informatie van Gebruikers te beschermen, maar geen enkel bedrijf, inclusief ons BEDRIJF, kan de veiligheidsrisico&#039;s die gepaard gaan met het verwerken van informatie op internet volledig elimineren. De persoonlijke gegevens van onze Gebruikers kunnen bijvoorbeeld worden be\u00efnvloed door handelingen buiten onze controle, zoals &#039;hacking&#039; en fysieke diefstal. De Gebruiker erkent dat hij zijn persoonlijke gegevens op eigen risico verstrekt.<\/p>\t\t\t\t\t\t\t\t<\/div>\n\t\t\t\t<\/div>\n\t\t\t\t<div class=\"elementor-element elementor-element-22f6b02 elementor-widget elementor-widget-spacer\" data-id=\"22f6b02\" data-element_type=\"widget\" data-e-type=\"widget\" data-widget_type=\"spacer.default\">\n\t\t\t\t<div class=\"elementor-widget-container\">\n\t\t\t\t\t\t\t<div class=\"elementor-spacer\">\n\t\t\t<div class=\"elementor-spacer-inner\"><\/div>\n\t\t<\/div>\n\t\t\t\t\t\t<\/div>\n\t\t\t\t<\/div>\n\t\t\t\t\t<\/div>\n\t\t<\/div>\n\t\t\t\t\t<\/div>\n\t\t<\/section>\n\t\t\t\t<\/div>","protected":false},"excerpt":{"rendered":"<p>Politiques de confidentialit\u00e9 Gestion des cookies En utilisant notre site, vous d\u00e9clarez explicitement avoir lu la politique de confidentialit\u00e9 de Cardeal, vous informant ainsi du traitement de vos donn\u00e9es personnelles selon les modalit\u00e9s et principes d\u00e9crits ici. \u00a0 Notre site utilise des cookies afin d\u2019am\u00e9liorer les fonctionnalit\u00e9s qu\u2019il propose. Les cookies sont des donn\u00e9es qui [&hellip;]<\/p>\n","protected":false},"author":79,"featured_media":0,"parent":0,"menu_order":0,"comment_status":"closed","ping_status":"closed","template":"","meta":{"_joinchat":[],"footnotes":""},"class_list":["post-23681","page","type-page","status-publish","hentry"],"_links":{"self":[{"href":"https:\/\/best-cardeal.be\/nl\/wp-json\/wp\/v2\/pages\/23681","targetHints":{"allow":["GET"]}}],"collection":[{"href":"https:\/\/best-cardeal.be\/nl\/wp-json\/wp\/v2\/pages"}],"about":[{"href":"https:\/\/best-cardeal.be\/nl\/wp-json\/wp\/v2\/types\/page"}],"author":[{"embeddable":true,"href":"https:\/\/best-cardeal.be\/nl\/wp-json\/wp\/v2\/users\/79"}],"replies":[{"embeddable":true,"href":"https:\/\/best-cardeal.be\/nl\/wp-json\/wp\/v2\/comments?post=23681"}],"version-history":[{"count":10,"href":"https:\/\/best-cardeal.be\/nl\/wp-json\/wp\/v2\/pages\/23681\/revisions"}],"predecessor-version":[{"id":23692,"href":"https:\/\/best-cardeal.be\/nl\/wp-json\/wp\/v2\/pages\/23681\/revisions\/23692"}],"wp:attachment":[{"href":"https:\/\/best-cardeal.be\/nl\/wp-json\/wp\/v2\/media?parent=23681"}],"curies":[{"name":"wp","href":"https:\/\/api.w.org\/{rel}","templated":true}]}}