{"id":23681,"date":"2024-05-15T16:17:43","date_gmt":"2024-05-15T14:17:43","guid":{"rendered":"https:\/\/best-cardeal.be\/?page_id=23681"},"modified":"2026-04-14T02:45:43","modified_gmt":"2026-04-14T00:45:43","slug":"politiques-de-confidentialite","status":"publish","type":"page","link":"https:\/\/best-cardeal.be\/en\/politiques-de-confidentialite\/","title":{"rendered":"Privacy Policies"},"content":{"rendered":"<div data-elementor-type=\"wp-post\" data-elementor-id=\"23681\" class=\"elementor elementor-23681\">\n\t\t\t\t\t\t<section class=\"elementor-section elementor-top-section elementor-element elementor-element-0632857 elementor-hidden-phone elementor-section-boxed elementor-section-height-default elementor-section-height-default\" data-id=\"0632857\" data-element_type=\"section\" data-e-type=\"section\" data-settings=\"{&quot;background_background&quot;:&quot;classic&quot;}\">\n\t\t\t\t\t\t\t<div class=\"elementor-background-overlay\"><\/div>\n\t\t\t\t\t\t\t<div class=\"elementor-container elementor-column-gap-default\">\n\t\t\t\t\t<div class=\"elementor-column elementor-col-100 elementor-top-column elementor-element elementor-element-fb6b077\" data-id=\"fb6b077\" data-element_type=\"column\" data-e-type=\"column\">\n\t\t\t<div class=\"elementor-widget-wrap elementor-element-populated\">\n\t\t\t\t\t\t<div class=\"elementor-element elementor-element-8179da5 elementor-widget elementor-widget-spacer\" data-id=\"8179da5\" data-element_type=\"widget\" data-e-type=\"widget\" data-widget_type=\"spacer.default\">\n\t\t\t\t<div class=\"elementor-widget-container\">\n\t\t\t\t\t\t\t<div class=\"elementor-spacer\">\n\t\t\t<div class=\"elementor-spacer-inner\"><\/div>\n\t\t<\/div>\n\t\t\t\t\t\t<\/div>\n\t\t\t\t<\/div>\n\t\t\t\t<div class=\"elementor-element elementor-element-feaec80 elementor-widget-tablet__width-initial elementor-widget elementor-widget-heading\" data-id=\"feaec80\" data-element_type=\"widget\" data-e-type=\"widget\" data-widget_type=\"heading.default\">\n\t\t\t\t<div class=\"elementor-widget-container\">\n\t\t\t\t\t<h1 class=\"elementor-heading-title elementor-size-default\">Privacy Policies<\/h1>\t\t\t\t<\/div>\n\t\t\t\t<\/div>\n\t\t\t\t<div class=\"elementor-element elementor-element-64e4025 elementor-widget elementor-widget-spacer\" data-id=\"64e4025\" data-element_type=\"widget\" data-e-type=\"widget\" data-widget_type=\"spacer.default\">\n\t\t\t\t<div class=\"elementor-widget-container\">\n\t\t\t\t\t\t\t<div class=\"elementor-spacer\">\n\t\t\t<div class=\"elementor-spacer-inner\"><\/div>\n\t\t<\/div>\n\t\t\t\t\t\t<\/div>\n\t\t\t\t<\/div>\n\t\t\t\t\t<\/div>\n\t\t<\/div>\n\t\t\t\t\t<\/div>\n\t\t<\/section>\n\t\t\t\t<section class=\"elementor-section elementor-top-section elementor-element elementor-element-07d57a3 elementor-reverse-mobile elementor-section-boxed elementor-section-height-default elementor-section-height-default\" data-id=\"07d57a3\" data-element_type=\"section\" data-e-type=\"section\">\n\t\t\t\t\t\t<div class=\"elementor-container elementor-column-gap-default\">\n\t\t\t\t\t<div class=\"elementor-column elementor-col-100 elementor-top-column elementor-element elementor-element-129904e\" data-id=\"129904e\" data-element_type=\"column\" data-e-type=\"column\">\n\t\t\t<div class=\"elementor-widget-wrap elementor-element-populated\">\n\t\t\t\t\t\t<div class=\"elementor-element elementor-element-63fe360 elementor-widget-tablet__width-initial elementor-widget elementor-widget-heading\" data-id=\"63fe360\" data-element_type=\"widget\" data-e-type=\"widget\" data-widget_type=\"heading.default\">\n\t\t\t\t<div class=\"elementor-widget-container\">\n\t\t\t\t\t<h5 class=\"elementor-heading-title elementor-size-default\">Cookie management<\/h5>\t\t\t\t<\/div>\n\t\t\t\t<\/div>\n\t\t\t\t<div class=\"elementor-element elementor-element-315da99 elementor-widget elementor-widget-spacer\" data-id=\"315da99\" data-element_type=\"widget\" data-e-type=\"widget\" data-widget_type=\"spacer.default\">\n\t\t\t\t<div class=\"elementor-widget-container\">\n\t\t\t\t\t\t\t<div class=\"elementor-spacer\">\n\t\t\t<div class=\"elementor-spacer-inner\"><\/div>\n\t\t<\/div>\n\t\t\t\t\t\t<\/div>\n\t\t\t\t<\/div>\n\t\t\t\t<div class=\"elementor-element elementor-element-3f2a0fe elementor-widget-tablet__width-initial elementor-widget elementor-widget-text-editor\" data-id=\"3f2a0fe\" data-element_type=\"widget\" data-e-type=\"widget\" data-widget_type=\"text-editor.default\">\n\t\t\t\t<div class=\"elementor-widget-container\">\n\t\t\t\t\t\t\t\t\t<p>By using our site, you explicitly declare that you have read Cardeal&#039;s privacy policy, thereby informing you of the processing of your personal data according to the methods and principles described here.<\/p><p>\u00a0<\/p><p>Our site uses cookies to improve the features it offers. Cookies are data that are saved on your device and that allow the site to retain certain information about you for better navigation.<\/p><p>We use various cookies for specific purposes:<\/p><p>\u00a0<\/p><p>\u25d9 Necessary cookies: these are used to enable various features to be used correctly on the site. These cookies do not collect any personal data;<\/p><p>\u25d9 Functional cookies: these are those that allow greater comfort when using certain features of the site. For example, they can save the user&#039;s address to automatically fill in the &quot;address&quot; field of a form and avoid the user having to complete it themselves.<\/p><p>\u00a0<\/p><p>By clicking on the &quot;I agree&quot; button, you agree to the use of cookies (Article 6, 1, a of the GDPR). You can revoke this approval at any time by clicking on the &quot;Privacy Policy&quot; button located at the bottom of the site. In case you do not wish to authorize cookies, the use of certain functionalities may be altered.<\/p>\t\t\t\t\t\t\t\t<\/div>\n\t\t\t\t<\/div>\n\t\t\t\t<div class=\"elementor-element elementor-element-bae3d99 elementor-widget elementor-widget-spacer\" data-id=\"bae3d99\" data-element_type=\"widget\" data-e-type=\"widget\" data-widget_type=\"spacer.default\">\n\t\t\t\t<div class=\"elementor-widget-container\">\n\t\t\t\t\t\t\t<div class=\"elementor-spacer\">\n\t\t\t<div class=\"elementor-spacer-inner\"><\/div>\n\t\t<\/div>\n\t\t\t\t\t\t<\/div>\n\t\t\t\t<\/div>\n\t\t\t\t\t<\/div>\n\t\t<\/div>\n\t\t\t\t\t<\/div>\n\t\t<\/section>\n\t\t\t\t<section class=\"elementor-section elementor-top-section elementor-element elementor-element-4cd5dbe elementor-reverse-mobile elementor-section-boxed elementor-section-height-default elementor-section-height-default\" data-id=\"4cd5dbe\" data-element_type=\"section\" data-e-type=\"section\">\n\t\t\t\t\t\t<div class=\"elementor-container elementor-column-gap-default\">\n\t\t\t\t\t<div class=\"elementor-column elementor-col-100 elementor-top-column elementor-element elementor-element-e589226\" data-id=\"e589226\" data-element_type=\"column\" data-e-type=\"column\">\n\t\t\t<div class=\"elementor-widget-wrap elementor-element-populated\">\n\t\t\t\t\t\t<div class=\"elementor-element elementor-element-8e4e2a4 elementor-widget-tablet__width-initial elementor-widget elementor-widget-heading\" data-id=\"8e4e2a4\" data-element_type=\"widget\" data-e-type=\"widget\" data-widget_type=\"heading.default\">\n\t\t\t\t<div class=\"elementor-widget-container\">\n\t\t\t\t\t<h5 class=\"elementor-heading-title elementor-size-default\">Processing of personal data<\/h5>\t\t\t\t<\/div>\n\t\t\t\t<\/div>\n\t\t\t\t<div class=\"elementor-element elementor-element-8dcbbbc elementor-widget elementor-widget-spacer\" data-id=\"8dcbbbc\" data-element_type=\"widget\" data-e-type=\"widget\" data-widget_type=\"spacer.default\">\n\t\t\t\t<div class=\"elementor-widget-container\">\n\t\t\t\t\t\t\t<div class=\"elementor-spacer\">\n\t\t\t<div class=\"elementor-spacer-inner\"><\/div>\n\t\t<\/div>\n\t\t\t\t\t\t<\/div>\n\t\t\t\t<\/div>\n\t\t\t\t<div class=\"elementor-element elementor-element-42137e8 elementor-widget-tablet__width-initial elementor-widget elementor-widget-text-editor\" data-id=\"42137e8\" data-element_type=\"widget\" data-e-type=\"widget\" data-widget_type=\"text-editor.default\">\n\t\t\t\t<div class=\"elementor-widget-container\">\n\t\t\t\t\t\t\t\t\t<p>Cardeal operates as the data controller with respect to personal data that is collected and processed in connection with your use of the Site.<\/p><p>\u00a0<\/p><p>All data concerning the user collected through cookies or forms on the site are stored in our database only if the user has given their prior consent. This information will not be used under conditions other than those accepted by the user. The user has the right to view each piece of information concerning them: they can consult, modify or delete it whenever they wish and without having to provide a reason to Cardeal. To do this, the user can contact the data processing manager by email at commercial.cardeal@gmail.com.<\/p><p>\u00a0<\/p><p>Once the request has been submitted, Cardeal will contact the user as soon as possible to follow up on their request.<\/p><p>\u00a0<\/p><p>Your data may be used for:<\/p><p>\u25d9 Allow Cardeal to respond to your requests;<\/p><p>\u25d9 Provide our services to the user;<\/p><p>\u25d9 Improve user experience;<\/p><p>\u25d9 Analyze this data to improve the operation of the site;<\/p><p>\u00a0<\/p><p>Your data will not be passed on to any third party without your consent. Cardeal will not disclose your personal data to third parties for direct marketing purposes, nor will it process your personal data for prospecting purposes, including profiling.<\/p>\t\t\t\t\t\t\t\t<\/div>\n\t\t\t\t<\/div>\n\t\t\t\t<div class=\"elementor-element elementor-element-65dd495 elementor-widget elementor-widget-spacer\" data-id=\"65dd495\" data-element_type=\"widget\" data-e-type=\"widget\" data-widget_type=\"spacer.default\">\n\t\t\t\t<div class=\"elementor-widget-container\">\n\t\t\t\t\t\t\t<div class=\"elementor-spacer\">\n\t\t\t<div class=\"elementor-spacer-inner\"><\/div>\n\t\t<\/div>\n\t\t\t\t\t\t<\/div>\n\t\t\t\t<\/div>\n\t\t\t\t\t<\/div>\n\t\t<\/div>\n\t\t\t\t\t<\/div>\n\t\t<\/section>\n\t\t\t\t<section class=\"elementor-section elementor-top-section elementor-element elementor-element-d398647 elementor-reverse-mobile elementor-section-boxed elementor-section-height-default elementor-section-height-default\" data-id=\"d398647\" data-element_type=\"section\" data-e-type=\"section\">\n\t\t\t\t\t\t<div class=\"elementor-container elementor-column-gap-default\">\n\t\t\t\t\t<div class=\"elementor-column elementor-col-100 elementor-top-column elementor-element elementor-element-a6bf6e5\" data-id=\"a6bf6e5\" data-element_type=\"column\" data-e-type=\"column\">\n\t\t\t<div class=\"elementor-widget-wrap elementor-element-populated\">\n\t\t\t\t\t\t<div class=\"elementor-element elementor-element-264472a elementor-widget-tablet__width-initial elementor-widget elementor-widget-heading\" data-id=\"264472a\" data-element_type=\"widget\" data-e-type=\"widget\" data-widget_type=\"heading.default\">\n\t\t\t\t<div class=\"elementor-widget-container\">\n\t\t\t\t\t<h5 class=\"elementor-heading-title elementor-size-default\">Security<\/h5>\t\t\t\t<\/div>\n\t\t\t\t<\/div>\n\t\t\t\t<div class=\"elementor-element elementor-element-feb29ef elementor-widget elementor-widget-spacer\" data-id=\"feb29ef\" data-element_type=\"widget\" data-e-type=\"widget\" data-widget_type=\"spacer.default\">\n\t\t\t\t<div class=\"elementor-widget-container\">\n\t\t\t\t\t\t\t<div class=\"elementor-spacer\">\n\t\t\t<div class=\"elementor-spacer-inner\"><\/div>\n\t\t<\/div>\n\t\t\t\t\t\t<\/div>\n\t\t\t\t<\/div>\n\t\t\t\t<div class=\"elementor-element elementor-element-cc04d42 elementor-widget-tablet__width-initial elementor-widget elementor-widget-text-editor\" data-id=\"cc04d42\" data-element_type=\"widget\" data-e-type=\"widget\" data-widget_type=\"text-editor.default\">\n\t\t\t\t<div class=\"elementor-widget-container\">\n\t\t\t\t\t\t\t\t\t<p>We make reasonable efforts to protect Users&#039; personal information, but no company, including our COMPANY, can completely eliminate the security risks associated with handling information over the Internet. For example, our Users&#039; personal information may be affected by acts beyond our control, such as &quot;hacking&quot; and physical theft. User acknowledges that he or she provides his or her personal information at his or her own risk.<\/p>\t\t\t\t\t\t\t\t<\/div>\n\t\t\t\t<\/div>\n\t\t\t\t<div class=\"elementor-element elementor-element-22f6b02 elementor-widget elementor-widget-spacer\" data-id=\"22f6b02\" data-element_type=\"widget\" data-e-type=\"widget\" data-widget_type=\"spacer.default\">\n\t\t\t\t<div class=\"elementor-widget-container\">\n\t\t\t\t\t\t\t<div class=\"elementor-spacer\">\n\t\t\t<div class=\"elementor-spacer-inner\"><\/div>\n\t\t<\/div>\n\t\t\t\t\t\t<\/div>\n\t\t\t\t<\/div>\n\t\t\t\t\t<\/div>\n\t\t<\/div>\n\t\t\t\t\t<\/div>\n\t\t<\/section>\n\t\t\t\t<\/div>","protected":false},"excerpt":{"rendered":"<p>Politiques de confidentialit\u00e9 Gestion des cookies En utilisant notre site, vous d\u00e9clarez explicitement avoir lu la politique de confidentialit\u00e9 de Cardeal, vous informant ainsi du traitement de vos donn\u00e9es personnelles selon les modalit\u00e9s et principes d\u00e9crits ici. \u00a0 Notre site utilise des cookies afin d\u2019am\u00e9liorer les fonctionnalit\u00e9s qu\u2019il propose. Les cookies sont des donn\u00e9es qui [&hellip;]<\/p>\n","protected":false},"author":79,"featured_media":0,"parent":0,"menu_order":0,"comment_status":"closed","ping_status":"closed","template":"","meta":{"_joinchat":[],"footnotes":""},"class_list":["post-23681","page","type-page","status-publish","hentry"],"_links":{"self":[{"href":"https:\/\/best-cardeal.be\/en\/wp-json\/wp\/v2\/pages\/23681","targetHints":{"allow":["GET"]}}],"collection":[{"href":"https:\/\/best-cardeal.be\/en\/wp-json\/wp\/v2\/pages"}],"about":[{"href":"https:\/\/best-cardeal.be\/en\/wp-json\/wp\/v2\/types\/page"}],"author":[{"embeddable":true,"href":"https:\/\/best-cardeal.be\/en\/wp-json\/wp\/v2\/users\/79"}],"replies":[{"embeddable":true,"href":"https:\/\/best-cardeal.be\/en\/wp-json\/wp\/v2\/comments?post=23681"}],"version-history":[{"count":10,"href":"https:\/\/best-cardeal.be\/en\/wp-json\/wp\/v2\/pages\/23681\/revisions"}],"predecessor-version":[{"id":23692,"href":"https:\/\/best-cardeal.be\/en\/wp-json\/wp\/v2\/pages\/23681\/revisions\/23692"}],"wp:attachment":[{"href":"https:\/\/best-cardeal.be\/en\/wp-json\/wp\/v2\/media?parent=23681"}],"curies":[{"name":"wp","href":"https:\/\/api.w.org\/{rel}","templated":true}]}}